{"id":31628,"date":"2017-02-16T09:13:19","date_gmt":"2017-02-16T08:13:19","guid":{"rendered":"https:\/\/grainesdevie.ch\/home\/"},"modified":"2026-02-14T01:10:43","modified_gmt":"2026-02-14T00:10:43","slug":"home","status":"publish","type":"page","link":"https:\/\/grainesdevie.ch\/de\/","title":{"rendered":"HOME"},"content":{"rendered":"<p>[et_pb_section fb_built=&#8220;1&#8243; admin_label=&#8220;Header&#8220; _builder_version=&#8220;4.19.1&#8243; _module_preset=&#8220;default&#8220; custom_padding=&#8220;||19px||false|false&#8220; da_disable_devices=&#8220;off|off|off&#8220; global_colors_info=&#8220;{}&#8220; da_is_popup=&#8220;off&#8220; da_exit_intent=&#8220;off&#8220; da_has_close=&#8220;on&#8220; da_alt_close=&#8220;off&#8220; da_dark_close=&#8220;off&#8220; da_not_modal=&#8220;on&#8220; da_is_singular=&#8220;off&#8220; da_with_loader=&#8220;off&#8220; da_has_shadow=&#8220;on&#8220;][et_pb_row _builder_version=&#8220;4.25.0&#8243; _module_preset=&#8220;default&#8220; custom_padding=&#8220;||62px|||&#8220; global_colors_info=&#8220;{}&#8220;][et_pb_column type=&#8220;4_4&#8243; _builder_version=&#8220;4.25.0&#8243; _module_preset=&#8220;default&#8220; global_colors_info=&#8220;{}&#8220;][et_pb_image src=&#8220;https:\/\/grainesdevie.ch\/wp-content\/uploads\/2024\/05\/composition-de-graines-de-vie1.png&#8220; title_text=&#8220;Zusammensetzung von Seed of Life(1)&#8220; _builder_version=&#8220;4.27.5&#8243; _module_preset=&#8220;default&#8220; hover_enabled=&#8220;0&#8243; border_radii=&#8220;on|50%|50%|50%|50%&#8220; global_colors_info=&#8220;{}&#8220; custom_padding=&#8220;|2px|||false|false&#8220; custom_margin=&#8220;|3px|||false|false&#8220; align=&#8220;center&#8220; module_alignment=&#8220;center&#8220; force_fullwidth=&#8220;on&#8220; sticky_enabled=&#8220;0&#8243; transform_scale=&#8220;111%|111%&#8220; transform_translate=&#8220;-20px|0px&#8220; transform_translate_linked=&#8220;off&#8220; transform_scale_linked=&#8220;off&#8220;][\/et_pb_image][\/et_pb_column][\/et_pb_row][et_pb_row _builder_version=&#8220;4.25.0&#8243; _module_preset=&#8220;default&#8220; global_colors_info=&#8220;{}&#8220;][et_pb_column type=&#8220;4_4&#8243; _builder_version=&#8220;4.25.0&#8243; _module_preset=&#8220;default&#8220; global_colors_info=&#8220;{}&#8220;][et_pb_text _builder_version=&#8220;4.27.4&#8243; _module_preset=&#8220;default&#8220; box_shadow_style=&#8220;none&#8220; global_colors_info=&#8220;{}&#8220;]<\/p>\n<h2 style=\"text-align: center;\">Wie w\u00e4re es, wenn wir uns gemeinsam verpflichten w\u00fcrden, ein neues Gesellschaftsmodell auf der Grundlage des Themas Familie zu erschaffen?<\/h2>\n<p>[\/et_pb_text][\/et_pb_column][\/et_pb_row][\/et_pb_section][et_pb_section fb_built=&#8220;1&#8243; _builder_version=&#8220;4.25.0&#8243; _module_preset=&#8220;default&#8220; custom_padding=&#8220;0px||0px|||&#8220; da_disable_devices=&#8220;off|off|off&#8220; global_colors_info=&#8220;{}&#8220; da_is_popup=&#8220;off&#8220; da_exit_intent=&#8220;off&#8220; da_has_close=&#8220;on&#8220; da_alt_close=&#8220;off&#8220; da_dark_close=&#8220;off&#8220; da_not_modal=&#8220;on&#8220; da_is_singular=&#8220;off&#8220; da_with_loader=&#8220;off&#8220; da_has_shadow=&#8220;on&#8220;][\/et_pb_section][et_pb_section fb_built=&#8220;1&#8243; _builder_version=&#8220;4.25.0&#8243; _module_preset=&#8220;default&#8220; custom_padding=&#8220;29px||10px|||&#8220; da_disable_devices=&#8220;off|off|off&#8220; global_colors_info=&#8220;{}&#8220; da_is_popup=&#8220;off&#8220; da_exit_intent=&#8220;off&#8220; da_has_close=&#8220;on&#8220; da_alt_close=&#8220;off&#8220; da_dark_close=&#8220;off&#8220; da_not_modal=&#8220;on&#8220; da_is_singular=&#8220;off&#8220; da_with_loader=&#8220;off&#8220; da_has_shadow=&#8220;on&#8220;][et_pb_row column_structure=&#8220;1_2,1_2&#8243; _builder_version=&#8220;4.25.0&#8243; _module_preset=&#8220;default&#8220; global_colors_info=&#8220;{}&#8220; width=&#8220;100%&#8220;][et_pb_column type=&#8220;1_2&#8243; _builder_version=&#8220;4.25.0&#8243; _module_preset=&#8220;default&#8220; global_colors_info=&#8220;{}&#8220;][et_pb_image src=&#8220;https:\/\/grainesdevie.ch\/wp-content\/uploads\/2024\/05\/Graine-de-Vie-kelly-sikkema-WvVyudMd1Es-unsplash-scaled-2.jpg&#8220; title_text=&#8220;Samen des Lebens-kelly-sikkema-WvVyudMd1Es-unsplash-scaled-2&#8243; align=&#8220;center&#8220; _builder_version=&#8220;4.27.5&#8243; _module_preset=&#8220;default&#8220; transform_translate=&#8220;10px|-10px&#8220; transform_translate_linked=&#8220;off&#8220; z_index=&#8220;2&#8243; width=&#8220;100%&#8220; module_alignment=&#8220;center&#8220; min_height=&#8220;255px&#8220; custom_margin=&#8220;|81px|-90px|49px|false|false&#8220; custom_margin_tablet=&#8220;||0px||false|false&#8220; custom_margin_phone=&#8220;|5px|0px|5px|false|true&#8220; custom_margin_last_edited=&#8220;on|tablet&#8220; custom_padding=&#8220;|34px||26px|false|false&#8220; hover_enabled=&#8220;0&#8243; border_radii=&#8220;off|50%|50%|50%|50%&#8220; border_style_all=&#8220;none&#8220; box_shadow_vertical_tablet=&#8220;-10px&#8220; box_shadow_vertical_phone=&#8220;-10px&#8220; box_shadow_vertical_last_edited=&#8220;on|tablet&#8220; locked=&#8220;off&#8220; global_colors_info=&#8220;{}&#8220; max_width=&#8220;100%&#8220; max_height=&#8220;233px&#8220; height=&#8220;208px&#8220; sticky_enabled=&#8220;0&#8243;][\/et_pb_image][\/et_pb_column][et_pb_column type=&#8220;1_2&#8243; _builder_version=&#8220;4.25.0&#8243; _module_preset=&#8220;default&#8220; global_colors_info=&#8220;{}&#8220;][et_pb_text _builder_version=&#8220;4.25.0&#8243; _module_preset=&#8220;default&#8220; custom_padding=&#8220;10px|49px|10px|49px|true|true&#8220; box_shadow_style=&#8220;none&#8220; global_colors_info=&#8220;{}&#8220; inline_fonts=&#8220;ABeeZee&#8220;]<\/p>\n<p><span style=\"font-weight: 400;\">Graines de Vie ist da, um Sie auf professionelle Weise zu ermutigen, mit Ihrem Kind und der Physiologie der Geburt zusammen geboren zu werden.  <br \/><\/span><\/p>\n<p><span style=\"font-weight: 400;\">Wir sind da, um Sie in Ihrer Rolle als Eltern zu unterst\u00fctzen und damit auch Sie an der Seite Ihrer Kinder wachsen k\u00f6nnen.<\/span><\/p>\n<p><span style=\"font-family: inherit; font-weight: normal;\">Schlie\u00dfen Sie sich uns an, um &#8222;Samen des Lebens&#8220; zu s\u00e4en, um die Eltern zu unterst\u00fctzen.<\/span><br \/><span style=\"font-family: inherit; font-weight: normal;\">Bewusste Elternschaft zu unterst\u00fctzen! <\/span> <\/p>\n<p>[\/et_pb_text][et_pb_button button_url=&#8220;@ET-DC@eyJkeW5hbWljIjp0cnVlLCJjb250ZW50IjoicG9zdF9saW5rX3VybF9wYWdlIiwic2V0dGluZ3MiOnsicG9zdF9pZCI6IjI5MTExIn19@&#8220; button_text=&#8220;Werden Sie Mitglied&#8220; button_alignment=&#8220;center&#8220; _builder_version=&#8220;4.27.4&#8243; _dynamic_attributes=&#8220;button_url&#8220; _module_preset=&#8220;default&#8220; custom_button=&#8220;on&#8220; button_text_size=&#8220;20px&#8220; button_text_color=&#8220;#FFFFFF&#8220; button_bg_color=&#8220;#B0D484&#8243; button_border_width=&#8220;0px&#8220; button_border_radius=&#8220;100px&#8220; global_colors_info=&#8220;{}&#8220;][\/et_pb_button][\/et_pb_column][\/et_pb_row][et_pb_row column_structure=&#8220;1_2,1_2&#8243; _builder_version=&#8220;4.25.0&#8243; _module_preset=&#8220;default&#8220; global_colors_info=&#8220;{}&#8220; width=&#8220;100%&#8220;][et_pb_column type=&#8220;1_2&#8243; _builder_version=&#8220;4.25.0&#8243; _module_preset=&#8220;default&#8220; global_colors_info=&#8220;{}&#8220;][et_pb_image src=&#8220;https:\/\/grainesdevie.ch\/wp-content\/uploads\/2025\/06\/home1.png&#8220; title_text=&#8220;home(1)&#8220; align=&#8220;center&#8220; _builder_version=&#8220;4.27.5&#8243; _module_preset=&#8220;default&#8220; transform_translate=&#8220;10px|-10px&#8220; transform_translate_linked=&#8220;off&#8220; z_index=&#8220;2&#8243; width=&#8220;77%&#8220; module_alignment=&#8220;center&#8220; min_height=&#8220;274px&#8220; custom_margin=&#8220;|81px|-90px|49px|false|false&#8220; custom_margin_tablet=&#8220;||0px||false|false&#8220; custom_margin_phone=&#8220;||0px||false|false&#8220; custom_margin_last_edited=&#8220;on|tablet&#8220; custom_padding=&#8220;|0px||||&#8220; hover_enabled=&#8220;0&#8243; border_radii=&#8220;off|10%|10%|10%|12%&#8220; border_style_all=&#8220;none&#8220; box_shadow_vertical_tablet=&#8220;-10px&#8220; box_shadow_vertical_phone=&#8220;-10px&#8220; box_shadow_vertical_last_edited=&#8220;on|tablet&#8220; locked=&#8220;off&#8220; global_colors_info=&#8220;{}&#8220; max_width=&#8220;81%&#8220; sticky_enabled=&#8220;0&#8243; max_height=&#8220;286px&#8220; height=&#8220;376px&#8220;][\/et_pb_image][\/et_pb_column][et_pb_column type=&#8220;1_2&#8243; _builder_version=&#8220;4.25.0&#8243; _module_preset=&#8220;default&#8220; global_colors_info=&#8220;{}&#8220;][et_pb_text _builder_version=&#8220;4.27.5&#8243; _module_preset=&#8220;default&#8220; hover_enabled=&#8220;0&#8243; border_width_bottom=&#8220;1px&#8220; box_shadow_style=&#8220;none&#8220; global_colors_info=&#8220;{}&#8220; custom_padding=&#8220;10px|20px|10px|20px|true|true&#8220; width=&#8220;100%&#8220; max_width=&#8220;76%&#8220; module_alignment=&#8220;center&#8220; sticky_enabled=&#8220;0&#8243; custom_margin=&#8220;|||28px||&#8220;]<\/p>\n<h2 style=\"text-align: center;\">Die Begegnungen<\/h2>\n<p>[\/et_pb_text][et_pb_text _builder_version=&#8220;4.25.0&#8243; _module_preset=&#8220;default&#8220; box_shadow_style=&#8220;none&#8220; global_colors_info=&#8220;{}&#8220; width=&#8220;97.9%&#8220; custom_padding=&#8220;10px|50px|10px|50px|true|true&#8220; inline_fonts=&#8220;ABeeZee&#8220;]<\/p>\n<p><span style=\"font-weight: 400;\">Wir organisieren Stilltreffen, Treffen f\u00fcr schwangere Frauen und viele andere Treffen zu verschiedenen Themen.  <\/span><\/p>\n<p><span style=\"font-family: inherit; font-weight: normal;\">Auch Sie k\u00f6nnen uns Vorschl\u00e4ge machen und wir werden uns um die Organisation k\u00fcmmern.<\/span><\/p>\n<p>[\/et_pb_text][et_pb_button button_url=&#8220;@ET-DC@eyJkeW5hbWljIjp0cnVlLCJjb250ZW50IjoicG9zdF9saW5rX3VybF9wYWdlIiwic2V0dGluZ3MiOnsicG9zdF9pZCI6IjI5MDQxIn19@&#8220; button_text=&#8220;Siehe die Begegnungen&#8220; button_alignment=&#8220;center&#8220; _builder_version=&#8220;4.27.5&#8243; _dynamic_attributes=&#8220;button_url&#8220; _module_preset=&#8220;default&#8220; custom_button=&#8220;on&#8220; button_text_size=&#8220;20px&#8220; button_text_color=&#8220;#FFFFFF&#8220; button_bg_color=&#8220;#B0D484&#8243; button_border_width=&#8220;0px&#8220; button_border_radius=&#8220;100px&#8220; hover_enabled=&#8220;0&#8243; global_colors_info=&#8220;{}&#8220; sticky_enabled=&#8220;0&#8243;][\/et_pb_button][\/et_pb_column][\/et_pb_row][\/et_pb_section][et_pb_section fb_built=&#8220;1&#8243; _builder_version=&#8220;4.25.0&#8243; _module_preset=&#8220;default&#8220; custom_padding=&#8220;29px|||||&#8220; da_disable_devices=&#8220;off|off|off&#8220; global_colors_info=&#8220;{}&#8220; da_is_popup=&#8220;off&#8220; da_exit_intent=&#8220;off&#8220; da_has_close=&#8220;on&#8220; da_alt_close=&#8220;off&#8220; da_dark_close=&#8220;off&#8220; da_not_modal=&#8220;on&#8220; da_is_singular=&#8220;off&#8220; da_with_loader=&#8220;off&#8220; da_has_shadow=&#8220;on&#8220;][et_pb_row column_structure=&#8220;1_2,1_2&#8243; _builder_version=&#8220;4.25.0&#8243; _module_preset=&#8220;default&#8220; global_colors_info=&#8220;{}&#8220; width=&#8220;100%&#8220;][et_pb_column type=&#8220;1_2&#8243; _builder_version=&#8220;4.27.4&#8243; _module_preset=&#8220;default&#8220; global_colors_info=&#8220;{}&#8220;][et_pb_image src=&#8220;https:\/\/grainesdevie.ch\/wp-content\/uploads\/2026\/02\/05e2f886-9b8c-46cd-8fca-aee2e1f13992-scaled.jpg&#8220; title_text=&#8220;05e2f886-9b8c-46cd-8fca-aee2e1f13992&#8243; align=&#8220;center&#8220; _builder_version=&#8220;4.27.5&#8243; _module_preset=&#8220;default&#8220; transform_translate=&#8220;-1px|-10px&#8220; transform_translate_linked=&#8220;off&#8220; z_index=&#8220;2&#8243; width=&#8220;100%&#8220; module_alignment=&#8220;center&#8220; min_height=&#8220;273px&#8220; custom_margin=&#8220;|81px|-90px|49px|false|false&#8220; custom_margin_tablet=&#8220;||0px||false|false&#8220; custom_margin_phone=&#8220;||0px||false|false&#8220; custom_margin_last_edited=&#8220;on|tablet&#8220; custom_padding=&#8220;|0px||||&#8220; hover_enabled=&#8220;0&#8243; border_style_all=&#8220;none&#8220; box_shadow_vertical_tablet=&#8220;-10px&#8220; box_shadow_vertical_phone=&#8220;-10px&#8220; box_shadow_vertical_last_edited=&#8220;on|tablet&#8220; locked=&#8220;off&#8220; global_colors_info=&#8220;{}&#8220; max_width=&#8220;100%&#8220; sticky_enabled=&#8220;0&#8243; height=&#8220;229px&#8220; transform_skew_linked=&#8220;off&#8220; transform_scale_linked=&#8220;off&#8220; transform_scale=&#8220;82%|86%&#8220; border_radii=&#8220;on|200px|200px|200px|200px&#8220;][\/et_pb_image][\/et_pb_column][et_pb_column type=&#8220;1_2&#8243; _builder_version=&#8220;4.25.0&#8243; _module_preset=&#8220;default&#8220; global_colors_info=&#8220;{}&#8220;][et_pb_text _builder_version=&#8220;4.27.5&#8243; _module_preset=&#8220;default&#8220; hover_enabled=&#8220;0&#8243; border_width_bottom=&#8220;1px&#8220; box_shadow_style=&#8220;none&#8220; global_colors_info=&#8220;{}&#8220; width=&#8220;90.1%&#8220; sticky_enabled=&#8220;0&#8243; admin_label=&#8220;Texte&#8220; max_width=&#8220;75%&#8220; module_alignment=&#8220;center&#8220;]<\/p>\n<h2 style=\"text-align: center;\">Das Netzwerk<\/h2>\n<p>[\/et_pb_text][et_pb_text _builder_version=&#8220;4.25.0&#8243; _module_preset=&#8220;default&#8220; box_shadow_style=&#8220;none&#8220; global_colors_info=&#8220;{}&#8220; custom_padding=&#8220;10px|50px|10px|50px|true|true&#8220; width=&#8220;98.8%&#8220;]<\/p>\n<p><span style=\"font-weight: 400;\">Graines de Vie umfasst ein Netzwerk von professionellen Begleitern, die die Werte des Vereins teilen und Kurse, Workshops, Konferenzen usw. anbieten.  <br \/><\/span><\/p>\n<p><span style=\"font-weight: 400;\">Durch das Netzwerk wird der Zugang der Familien zu Informationen und verschiedenen Leistungen erleichtert.  <\/span><\/p>\n<p>[\/et_pb_text][et_pb_button button_url=&#8220;@ET-DC@eyJkeW5hbWljIjp0cnVlLCJjb250ZW50IjoicG9zdF9saW5rX3VybF9wYWdlIiwic2V0dGluZ3MiOnsicG9zdF9pZCI6IjI5MTYxIn19@&#8220; button_text=&#8220;Brauchen Sie einen Fachmann? Fragen Sie uns &#8220; button_alignment=&#8220;center&#8220; _builder_version=&#8220;4.27.5&#8243; _dynamic_attributes=&#8220;button_url&#8220; _module_preset=&#8220;default&#8220; custom_button=&#8220;on&#8220; button_text_size=&#8220;17px&#8220; button_text_color=&#8220;#FFFFFF&#8220; button_bg_color=&#8220;#B0D484&#8243; button_border_width=&#8220;0px&#8220; button_border_radius=&#8220;100px&#8220; hover_enabled=&#8220;0&#8243; locked=&#8220;off&#8220; global_colors_info=&#8220;{}&#8220; button_bg_enable_color__hover=&#8220;on&#8220; custom_padding=&#8220;10px|48px|10px|48px|false|true&#8220; sticky_enabled=&#8220;0&#8243; min_height=&#8220;84px&#8220; width=&#8220;445px&#8220; custom_margin=&#8220;0px|30px|0px|30px|false|false&#8220; button_use_icon=&#8220;off&#8220;][\/et_pb_button][\/et_pb_column][\/et_pb_row][\/et_pb_section]<\/p>\n","protected":false},"excerpt":{"rendered":"<p>Wie w\u00e4re es, wenn wir uns gemeinsam verpflichten w\u00fcrden, ein neues Gesellschaftsmodell auf der Grundlage des Themas Familie zu erschaffen?Graines de Vie ist da, um Sie auf professionelle Weise zu ermutigen, mit Ihrem Kind und der Physiologie der Geburt zusammen geboren zu werden. Wir sind da, um Sie in Ihrer Rolle als Eltern zu unterst\u00fctzen [&hellip;]<\/p>\n","protected":false},"author":0,"featured_media":0,"parent":0,"menu_order":0,"comment_status":"closed","ping_status":"closed","template":"","meta":{"_et_pb_use_builder":"on","_et_pb_old_content":"","_et_gb_content_width":"","footnotes":""},"class_list":["post-31628","page","type-page","status-publish","hentry"],"aioseo_notices":[],"jetpack_sharing_enabled":true,"_links":{"self":[{"href":"https:\/\/grainesdevie.ch\/de\/wp-json\/wp\/v2\/pages\/31628","targetHints":{"allow":["GET"]}}],"collection":[{"href":"https:\/\/grainesdevie.ch\/de\/wp-json\/wp\/v2\/pages"}],"about":[{"href":"https:\/\/grainesdevie.ch\/de\/wp-json\/wp\/v2\/types\/page"}],"replies":[{"embeddable":true,"href":"https:\/\/grainesdevie.ch\/de\/wp-json\/wp\/v2\/comments?post=31628"}],"version-history":[{"count":39,"href":"https:\/\/grainesdevie.ch\/de\/wp-json\/wp\/v2\/pages\/31628\/revisions"}],"predecessor-version":[{"id":38131,"href":"https:\/\/grainesdevie.ch\/de\/wp-json\/wp\/v2\/pages\/31628\/revisions\/38131"}],"wp:attachment":[{"href":"https:\/\/grainesdevie.ch\/de\/wp-json\/wp\/v2\/media?parent=31628"}],"curies":[{"name":"wp","href":"https:\/\/api.w.org\/{rel}","templated":true}]}}