{"id":38259,"date":"2026-03-30T14:44:41","date_gmt":"2026-03-30T12:44:41","guid":{"rendered":"https:\/\/grainesdevie.ch\/unterstuetzen-sie-uns\/"},"modified":"2026-03-30T16:27:05","modified_gmt":"2026-03-30T14:27:05","slug":"unterstuetzen-sie-uns","status":"publish","type":"page","link":"https:\/\/grainesdevie.ch\/de\/unterstuetzen-sie-uns\/","title":{"rendered":"Unterst\u00fctzen Sie uns"},"content":{"rendered":"<p>[et_pb_section fb_built=&#8220;1&#8243; admin_label=&#8220;section&#8220; _builder_version=&#8220;4.16&#8243; da_disable_devices=&#8220;off|off|off&#8220; global_colors_info=&#8220;{}&#8220; da_is_popup=&#8220;off&#8220; da_exit_intent=&#8220;off&#8220; da_has_close=&#8220;on&#8220; da_alt_close=&#8220;off&#8220; da_dark_close=&#8220;off&#8220; da_not_modal=&#8220;on&#8220; da_is_singular=&#8220;off&#8220; da_with_loader=&#8220;off&#8220; da_has_shadow=&#8220;on&#8220;][et_pb_row _builder_version=&#8220;4.27.5&#8243; _module_preset=&#8220;default&#8220; global_colors_info=&#8220;{}&#8220;][et_pb_column type=&#8220;4_4&#8243; _builder_version=&#8220;4.27.5&#8243; _module_preset=&#8220;default&#8220; global_colors_info=&#8220;{}&#8220;][et_pb_text _builder_version=&#8220;4.27.5&#8243; _module_preset=&#8220;default&#8220; text_font=&#8220;&#8211;et_global_body_font|600||on|||||&#8220; text_text_color=&#8220;#FFFFFF&#8220; text_font_size=&#8220;22px&#8220; background_color=&#8220;#B0D484&#8243; global_colors_info=&#8220;{}&#8220;]<\/p>\n<p style=\"text-align: center;\">Was w\u00e4re, wenn Ihr Handeln heute einen Unterschied machen w\u00fcrde?<\/p>\n<p>[\/et_pb_text][\/et_pb_column][\/et_pb_row][et_pb_row _builder_version=&#8220;4.27.5&#8243; _module_preset=&#8220;default&#8220; global_colors_info=&#8220;{}&#8220;][et_pb_column type=&#8220;4_4&#8243; _builder_version=&#8220;4.27.5&#8243; _module_preset=&#8220;default&#8220; global_colors_info=&#8220;{}&#8220;][et_pb_text _builder_version=&#8220;4.27.5&#8243; _module_preset=&#8220;default&#8220; box_shadow_style=&#8220;none&#8220; global_colors_info=&#8220;{}&#8220;]<\/p>\n<p class=\"mb-3 text-base leading-relaxed\" style=\"text-align: left;\">Ihre Spende ist der Motor unseres Vereins.<br \/>Dank Ihrer Spende k\u00f6nnen wir unsere Treffen weiterhin organisieren.<\/p>\n<p class=\"mb-3 text-base leading-relaxed\">Es gibt keine kleinen Spenden. Es gibt nur gro\u00dfe, kumulierte Aktionen. <\/p>\n<p>Durch die Unterst\u00fctzung von Graines de Vie entscheiden Sie sich f\u00fcr :<\/p>\n<ul class=\"marker:text-action-primary-default mb-3 ml-4 list-inside list-disc space-y-1\">\n<li class=\"[&amp;&gt;p:first-child]:inline\">Unterst\u00fctzung einer lokalen und ethischen Sache<\/li>\n<li class=\"[&amp;&gt;p:first-child]:inline\">Konkret sehen, wohin Ihr Geld flie\u00dft.<\/li>\n<li class=\"[&amp;&gt;p:first-child]:inline\">Werden Sie jetzt zum Akteur des Wandels.<\/li>\n<\/ul>\n<p>[\/et_pb_text][\/et_pb_column][\/et_pb_row][et_pb_row _builder_version=&#8220;4.27.5&#8243; _module_preset=&#8220;default&#8220; global_colors_info=&#8220;{}&#8220;][et_pb_column type=&#8220;4_4&#8243; _builder_version=&#8220;4.27.5&#8243; _module_preset=&#8220;default&#8220; global_colors_info=&#8220;{}&#8220;][et_pb_button button_text=&#8220;DON&#8220; button_alignment=&#8220;center&#8220; _builder_version=&#8220;4.27.5&#8243; _module_preset=&#8220;default&#8220; transform_scale=&#8220;134%|134%&#8220; hover_enabled=&#8220;0&#8243; box_shadow_style=&#8220;preset2&#8243; box_shadow_horizontal=&#8220;8px&#8220; global_colors_info=&#8220;{}&#8220; button_url=&#8220;https:\/\/grainesdevie.ch\/de\/don\/&#8220; sticky_enabled=&#8220;0&#8243;][\/et_pb_button][\/et_pb_column][\/et_pb_row][\/et_pb_section]<\/p>\n","protected":false},"excerpt":{"rendered":"<p>Was w\u00e4re, wenn Ihr Handeln heute einen Unterschied machen w\u00fcrde?Ihre Spende ist der Motor unseres Vereins.Dank Ihrer Spende k\u00f6nnen wir unsere Treffen weiterhin organisieren. Es gibt keine kleinen Spenden. Es gibt nur gro\u00dfe, kumulierte Aktionen. Durch die Unterst\u00fctzung von Graines de Vie entscheiden Sie sich f\u00fcr : Unterst\u00fctzung einer lokalen und ethischen Sache Konkret sehen, [&hellip;]<\/p>\n","protected":false},"author":7,"featured_media":0,"parent":0,"menu_order":0,"comment_status":"closed","ping_status":"closed","template":"","meta":{"_et_pb_use_builder":"on","_et_pb_old_content":"","_et_gb_content_width":"","footnotes":""},"class_list":["post-38259","page","type-page","status-publish","hentry"],"aioseo_notices":[],"jetpack_sharing_enabled":true,"_links":{"self":[{"href":"https:\/\/grainesdevie.ch\/de\/wp-json\/wp\/v2\/pages\/38259","targetHints":{"allow":["GET"]}}],"collection":[{"href":"https:\/\/grainesdevie.ch\/de\/wp-json\/wp\/v2\/pages"}],"about":[{"href":"https:\/\/grainesdevie.ch\/de\/wp-json\/wp\/v2\/types\/page"}],"author":[{"embeddable":true,"href":"https:\/\/grainesdevie.ch\/de\/wp-json\/wp\/v2\/users\/7"}],"replies":[{"embeddable":true,"href":"https:\/\/grainesdevie.ch\/de\/wp-json\/wp\/v2\/comments?post=38259"}],"version-history":[{"count":4,"href":"https:\/\/grainesdevie.ch\/de\/wp-json\/wp\/v2\/pages\/38259\/revisions"}],"predecessor-version":[{"id":38267,"href":"https:\/\/grainesdevie.ch\/de\/wp-json\/wp\/v2\/pages\/38259\/revisions\/38267"}],"wp:attachment":[{"href":"https:\/\/grainesdevie.ch\/de\/wp-json\/wp\/v2\/media?parent=38259"}],"curies":[{"name":"wp","href":"https:\/\/api.w.org\/{rel}","templated":true}]}}